{"id":871,"date":"2022-02-17T09:41:25","date_gmt":"2022-02-17T09:41:25","guid":{"rendered":"https:\/\/moinwandsbek2045.de\/?page_id=871"},"modified":"2022-06-16T10:40:48","modified_gmt":"2022-06-16T10:40:48","slug":"mitmachen","status":"publish","type":"page","link":"https:\/\/moinwandsbek2045.de\/?page_id=871","title":{"rendered":"MITMACHEN"},"content":{"rendered":"\n<div style=\"height:100px\" aria-hidden=\"true\" class=\"wp-block-spacer\"><\/div>\n\n\n\n<h4 class=\"wp-block-heading\" id=\"mitmachen\">MITMACHEN<\/h4>\n\n\n\n<h1 class=\"wp-block-heading\" id=\"die-zukunft-des-bezirks-geht-alle-an-machst-du-mit\"><strong>Die Zukunft des Bezirks<\/strong> <strong>geht <br>alle an. Machst Du mit?<\/strong><\/h1>\n\n\n\n<div class=\"wp-block-columns is-layout-flex wp-container-core-columns-is-layout-9d6595d7 wp-block-columns-is-layout-flex\">\n<div class=\"wp-block-column is-layout-flow wp-block-column-is-layout-flow\" style=\"flex-basis:66.66%\">\n<p>Der Weg zur Strategie 2045 f\u00fchrt \u00fcber einen vielf\u00e4ltigen und offenen Austausch. Verschiedene Stimmen, Standpunkte und Ideen sollen zusammenkommen. Alle Wandsbeker B\u00fcrgerinnen und B\u00fcrger, Vertreterinnen und Vertreter von Politik, Verwaltung, Vereinen, Initiativen, Verb\u00e4nden und weiteren Institutionen sind eingeladen, mitzuwirken.&nbsp;<\/p>\n\n\n\n<p><strong>Die Arbeit am Konzept zum IBER hat 2021 begonnen, wird in mehreren Schritten durch eine \u00f6ffentliche und breite Beteiligung auch 2022 weiter begleitet und die Ergebnisse schlie\u00dflich \u00f6ffentlich pr\u00e4sentiert.<\/strong><\/p>\n\n\n\n<p>Genaue Termine und Informationen zu aktuellen \u00f6ffentlichen Beteiligungsangeboten werden rechtzeitig auf dieser Webseite angek\u00fcndigt. Alle Dokumentationen zur \u00f6ffentlichen Beteiligung werden ver\u00f6ffentlicht und sind zum Download verf\u00fcgbar.&nbsp;Die Ergebnisse flie\u00dfen in die Konzeption des Integrierten Bezirklichen Entwicklungsrahmen (IBER) \u2013 Wandsbek 2045 ein.<\/p>\n\n\n\n<p><strong>Der folgende Fahrplan zeigt eine \u00dcbersicht der wichtigsten Projektphasen &amp; den \u00f6ffentlichen Beteiligungsangeboten:<\/strong><\/p>\n<\/div>\n\n\n\n<div class=\"wp-block-column is-layout-flow wp-block-column-is-layout-flow\" style=\"flex-basis:33.33%\"><\/div>\n<\/div>\n\n\n\n<figure class=\"wp-block-image size-large\"><img loading=\"lazy\" decoding=\"async\" width=\"1024\" height=\"397\" src=\"https:\/\/moinwandsbek2045.de\/wp-content\/uploads\/2022\/02\/210416_Grafik_Onlinedialog1_Zeichenflaeche-6-1-1024x397.png\" alt=\"\" class=\"wp-image-591\" title=\" Drei Grafiken fassen die drei Projektphasen zusammen. 1. Phase: Analyse, 2.Phase: Strategieentwicklung und 3. Phase: Zusammenf\u00fchrung\" srcset=\"https:\/\/moinwandsbek2045.de\/wp-content\/uploads\/2022\/02\/210416_Grafik_Onlinedialog1_Zeichenflaeche-6-1-1024x397.png 1024w, https:\/\/moinwandsbek2045.de\/wp-content\/uploads\/2022\/02\/210416_Grafik_Onlinedialog1_Zeichenflaeche-6-1-300x116.png 300w, https:\/\/moinwandsbek2045.de\/wp-content\/uploads\/2022\/02\/210416_Grafik_Onlinedialog1_Zeichenflaeche-6-1-768x298.png 768w, https:\/\/moinwandsbek2045.de\/wp-content\/uploads\/2022\/02\/210416_Grafik_Onlinedialog1_Zeichenflaeche-6-1-1536x595.png 1536w, https:\/\/moinwandsbek2045.de\/wp-content\/uploads\/2022\/02\/210416_Grafik_Onlinedialog1_Zeichenflaeche-6-1-2048x793.png 2048w\" sizes=\"auto, (max-width: 1024px) 100vw, 1024px\" \/><\/figure>\n\n\n\n<div style=\"height:100px\" aria-hidden=\"true\" class=\"wp-block-spacer\"><\/div>\n\n\n\n<div class=\"wp-block-columns is-layout-flex wp-container-core-columns-is-layout-9d6595d7 wp-block-columns-is-layout-flex\">\n<div class=\"wp-block-column is-layout-flow wp-block-column-is-layout-flow\" style=\"flex-basis:66.66%\">\n<h4 class=\"wp-block-heading\" id=\"das-ist-bereits-passiert\"><strong>Das ist bereits passiert:<\/strong><\/h4>\n\n\n\n<p><strong>1.Phase: Analyse<\/strong><\/p>\n\n\n\n<ul class=\"wp-block-list\"><li><a href=\"https:\/\/moinwandsbek2045.de\/?page_id=530\">Erster Online-Dialog zu: Was bewegt Wandsbek? (Fr\u00fchjahr\/Sommer 2021)<\/a><\/li><li><a href=\"https:\/\/moinwandsbek2045.de\/?page_id=660\">Vor-Ort-Dialoge mit dem Beteiligungsfahrrad und Befragungen im Bezirk (Herbst 2021)<\/a><\/li><\/ul>\n<\/div>\n\n\n\n<div class=\"wp-block-column is-layout-flow wp-block-column-is-layout-flow\" style=\"flex-basis:33.33%\"><\/div>\n<\/div>\n\n\n\n<div class=\"wp-block-columns is-layout-flex wp-container-core-columns-is-layout-9d6595d7 wp-block-columns-is-layout-flex\">\n<div class=\"wp-block-column is-layout-flow wp-block-column-is-layout-flow\" style=\"flex-basis:33.33%\"><\/div>\n\n\n\n<div class=\"wp-block-column is-layout-flow wp-block-column-is-layout-flow\" style=\"flex-basis:66.66%\">\n<h4 class=\"wp-block-heading\" id=\"das-kommt\"><strong>Das kommt:<\/strong><\/h4>\n\n\n\n<p><strong>2.Phase: Strategieentwicklung&nbsp;<\/strong><\/p>\n\n\n\n<ul class=\"wp-block-list\"><li><a href=\"https:\/\/moinwandsbek2045.de\/?page_id=690\">Kinder- und Jugendbeteiligung \u201eWandsbek-Radar 2045\u201c \u00ab\u00a0(Juni\/Juli 2022<\/a>)<\/li><li>Zweiter Online-Dialog\u00a0zu den strategischen Zielen und Handlungsfeldern (voraussichtlich Sommer\/Herbst 2022)<\/li><\/ul>\n\n\n\n<div style=\"height:43px\" aria-hidden=\"true\" class=\"wp-block-spacer\"><\/div>\n\n\n\n<p><strong>3.Phase: Zusammenf\u00fchrung <\/strong><\/p>\n\n\n\n<ul class=\"wp-block-list\"><li>\u00d6ffentliche Vorstellung und Diskussion der Ergebnisse<\/li><\/ul>\n<\/div>\n<\/div>\n\n\n\n<div class=\"wp-block-columns is-layout-flex wp-container-core-columns-is-layout-9d6595d7 wp-block-columns-is-layout-flex\">\n<div class=\"wp-block-column is-layout-flow wp-block-column-is-layout-flow\" style=\"flex-basis:66.66%\"><\/div>\n\n\n\n<div class=\"wp-block-column is-layout-flow wp-block-column-is-layout-flow\" style=\"flex-basis:33.33%\"><\/div>\n<\/div>\n\n\n\n<div style=\"height:100px\" aria-hidden=\"true\" class=\"wp-block-spacer\"><\/div>\n","protected":false},"excerpt":{"rendered":"<p>MITMACHEN Die Zukunft des Bezirks geht alle an. Machst Du mit? Der Weg zur Strategie 2045 f\u00fchrt \u00fcber einen vielf\u00e4ltigen und offenen Austausch. Verschiedene Stimmen, Standpunkte und Ideen sollen zusammenkommen. Alle Wandsbeker B\u00fcrgerinnen und B\u00fcrger, Vertreterinnen und Vertreter von Politik, Verwaltung, Vereinen, Initiativen, Verb\u00e4nden und weiteren Institutionen sind eingeladen, mitzuwirken.&nbsp; Die Arbeit am Konzept zum&hellip;&nbsp;<a href=\"https:\/\/moinwandsbek2045.de\/?page_id=871\" rel=\"bookmark\">Mehr lesen &raquo;<span class=\"screen-reader-text\">MITMACHEN<\/span><\/a><\/p>\n","protected":false},"author":1,"featured_media":0,"parent":0,"menu_order":0,"comment_status":"closed","ping_status":"closed","template":"","meta":{"_coblocks_attr":"","_coblocks_dimensions":"","_coblocks_responsive_height":"","_coblocks_accordion_ie_support":"","neve_meta_sidebar":"","neve_meta_container":"","neve_meta_enable_content_width":"","neve_meta_content_width":0,"neve_meta_title_alignment":"","neve_meta_author_avatar":"","neve_post_elements_order":"","neve_meta_disable_header":"","neve_meta_disable_footer":"","neve_meta_disable_title":"","neve_meta_reading_time":"","footnotes":""},"class_list":["post-871","page","type-page","status-publish","hentry"],"_links":{"self":[{"href":"https:\/\/moinwandsbek2045.de\/index.php?rest_route=\/wp\/v2\/pages\/871","targetHints":{"allow":["GET"]}}],"collection":[{"href":"https:\/\/moinwandsbek2045.de\/index.php?rest_route=\/wp\/v2\/pages"}],"about":[{"href":"https:\/\/moinwandsbek2045.de\/index.php?rest_route=\/wp\/v2\/types\/page"}],"author":[{"embeddable":true,"href":"https:\/\/moinwandsbek2045.de\/index.php?rest_route=\/wp\/v2\/users\/1"}],"replies":[{"embeddable":true,"href":"https:\/\/moinwandsbek2045.de\/index.php?rest_route=%2Fwp%2Fv2%2Fcomments&post=871"}],"version-history":[{"count":23,"href":"https:\/\/moinwandsbek2045.de\/index.php?rest_route=\/wp\/v2\/pages\/871\/revisions"}],"predecessor-version":[{"id":992,"href":"https:\/\/moinwandsbek2045.de\/index.php?rest_route=\/wp\/v2\/pages\/871\/revisions\/992"}],"wp:attachment":[{"href":"https:\/\/moinwandsbek2045.de\/index.php?rest_route=%2Fwp%2Fv2%2Fmedia&parent=871"}],"curies":[{"name":"wp","href":"https:\/\/api.w.org\/{rel}","templated":true}]}}